{"id":831,"date":"2015-01-26T15:05:10","date_gmt":"2015-01-26T14:05:10","guid":{"rendered":"http:\/\/gasengineering.pl\/?page_id=831"},"modified":"2015-10-14T11:59:48","modified_gmt":"2015-10-14T09:59:48","slug":"instalacje-sprezonego-powietrza-i-prozni","status":"publish","type":"page","link":"http:\/\/gasengineering.pl\/en\/galeria\/instalacje-sprezonego-powietrza-i-prozni\/","title":{"rendered":"(Polski) Instalacje spr\u0119\u017conego powietrza i pr\u00f3\u017cni"},"content":{"rendered":"<p class=\"qtranxs-available-languages-message qtranxs-available-languages-message-en\">Sorry, this entry is only available in <a href=\"http:\/\/gasengineering.pl\/pl\/wp-json\/wp\/v2\/pages\/831\" class=\"qtranxs-available-language-link qtranxs-available-language-link-pl\" title=\"Polski\">Polski<\/a>.<\/p>","protected":false},"excerpt":{"rendered":"","protected":false},"author":1,"featured_media":0,"parent":13,"menu_order":0,"comment_status":"open","ping_status":"open","template":"podstrona.php","meta":{"footnotes":""},"_links":{"self":[{"href":"http:\/\/gasengineering.pl\/en\/wp-json\/wp\/v2\/pages\/831"}],"collection":[{"href":"http:\/\/gasengineering.pl\/en\/wp-json\/wp\/v2\/pages"}],"about":[{"href":"http:\/\/gasengineering.pl\/en\/wp-json\/wp\/v2\/types\/page"}],"author":[{"embeddable":true,"href":"http:\/\/gasengineering.pl\/en\/wp-json\/wp\/v2\/users\/1"}],"replies":[{"embeddable":true,"href":"http:\/\/gasengineering.pl\/en\/wp-json\/wp\/v2\/comments?post=831"}],"version-history":[{"count":4,"href":"http:\/\/gasengineering.pl\/en\/wp-json\/wp\/v2\/pages\/831\/revisions"}],"predecessor-version":[{"id":1114,"href":"http:\/\/gasengineering.pl\/en\/wp-json\/wp\/v2\/pages\/831\/revisions\/1114"}],"up":[{"embeddable":true,"href":"http:\/\/gasengineering.pl\/en\/wp-json\/wp\/v2\/pages\/13"}],"wp:attachment":[{"href":"http:\/\/gasengineering.pl\/en\/wp-json\/wp\/v2\/media?parent=831"}],"curies":[{"name":"wp","href":"https:\/\/api.w.org\/{rel}","templated":true}]}}